{"id":2709,"date":"2024-05-12T18:44:18","date_gmt":"2024-05-12T18:44:18","guid":{"rendered":"https:\/\/jpcomps.com\/?page_id=2709"},"modified":"2025-10-28T02:04:29","modified_gmt":"2025-10-28T02:04:29","slug":"smart-home","status":"publish","type":"page","link":"https:\/\/jpcomps.com\/es\/smart-home\/","title":{"rendered":"SMART HOME"},"content":{"rendered":"<div data-vc-full-width=\"true\" data-vc-full-width-init=\"false\" data-vc-stretch-content=\"true\" class=\"vc_row wpb_row vc_row-fluid vc_custom_1715535014395 vc_row-has-fill vc_row-no-padding\"><div class=\"wpb_column vc_column_container vc_col-sm-12\"><div class=\"vc_column-inner\"><div class=\"wpb_wrapper\"><div class=\"vc_empty_space  vc_custom_1715534994214\"   style=\"height: 10px\"><span class=\"vc_empty_space_inner\"><\/span><\/div><\/div><\/div><\/div><\/div><div class=\"vc_row-full-width vc_clearfix\"><\/div><div data-vc-full-width=\"true\" data-vc-full-width-init=\"false\" data-vc-stretch-content=\"true\" class=\"vc_row wpb_row vc_row-fluid vc_custom_1715183833094 vc_row-has-fill vc_row-no-padding\"><div class=\"wpb_column vc_column_container vc_col-sm-12\"><div class=\"vc_column-inner\"><div class=\"wpb_wrapper\"><div class=\"vc_row wpb_row vc_inner vc_row-fluid\"><div class=\"wpb_column vc_column_container vc_col-sm-2\"><div class=\"vc_column-inner\"><div class=\"wpb_wrapper\"><\/div><\/div><\/div><div class=\"wpb_column vc_column_container vc_col-sm-8\"><div class=\"vc_column-inner vc_custom_1715369695768\"><div class=\"wpb_wrapper\"><div class=\"vc_empty_space\"   style=\"height: 50px\"><span class=\"vc_empty_space_inner\"><\/span><\/div><\/div><\/div><\/div><div class=\"wpb_column vc_column_container vc_col-sm-2\"><div class=\"vc_column-inner\"><div class=\"wpb_wrapper\"><\/div><\/div><\/div><\/div><div class=\"vc_row wpb_row vc_inner vc_row-fluid vc_custom_1715531987087\"><div class=\"wpb_column vc_column_container vc_col-sm-6\"><div class=\"vc_column-inner\"><div class=\"wpb_wrapper\">\n\t<div class=\"wpb_text_column wpb_content_element\" >\n\t\t<div class=\"wpb_wrapper\">\n\t\t\t<div class=\"wpb_text_column wpb_content_element sombrablanca\">\n<div class=\"wpb_wrapper\">\n<div class=\"wpb_text_column wpb_content_element\">\n<div class=\"wpb_wrapper\">\n<h4 id=\"tw-target-text\" class=\"tw-data-text tw-text-large tw-ta\" dir=\"ltr\" data-placeholder=\"Traducci\u00f3n\" data-ved=\"2ahUKEwjnkKumjZeEAxXWRTABHarEA14Q3ewLegQIBRAU\"><span class=\"Y2IQFc\" lang=\"en\">Ofrecemos soluciones inteligentes para mejorar la eficiencia y el ahorro energ\u00e9tico en tu hogar. Con Smart Home podr\u00e1s controlar la iluminaci\u00f3n, el aire acondicionado y la calefacci\u00f3n. Adem\u00e1s, tendr\u00e1s acceso en tiempo real al consumo de tus electrodom\u00e9sticos a trav\u00e9s de un monitor. Estos son los servicios que puedes contratar con nosotros:<\/span><\/h4>\n<h4 id=\"tw-target-text\" class=\"tw-data-text tw-text-large tw-ta\" dir=\"ltr\" data-placeholder=\"Traducci\u00f3n\" data-ved=\"2ahUKEwjnkKumjZeEAxXWRTABHarEA14Q3ewLegQIBRAU\"><span class=\"Y2IQFc\" lang=\"en\"><span style=\"color: #ee1d23;\"><strong>Iluminaci\u00f3n inteligente:<\/strong><\/span>\u00a0Controle la intensidad de la iluminaci\u00f3n, programe los horarios de funcionamiento y seleccione los horarios de encendido\/apagado. Al comprarlo recibir\u00e1s un kit con tres bombillas Philips de diferentes colores y un hub para controlarlas de forma inal\u00e1mbrica. Termostato Inteligente: Enciende y apaga la calefacci\u00f3n desde cualquier lugar. Ideal para mantener tu hogar a la temperatura adecuada antes de tu llegada. El Termostato Inteligente Netatmo se puede colocar en la pared o conectar a la caldera de forma inal\u00e1mbrica.<\/span><\/h4>\n<h4 class=\"tw-data-text tw-text-large tw-ta\" dir=\"ltr\" data-placeholder=\"Traducci\u00f3n\" data-ved=\"2ahUKEwjnkKumjZeEAxXWRTABHarEA14Q3ewLegQIBRAU\"><span class=\"Y2IQFc\" lang=\"en\"><span style=\"color: #ee1d23;\"><strong>Monitor de consumo inteligente:<\/strong><\/span>\u00a0Visualiza el consumo de tus electrodom\u00e9sticos en tiempo real. Sepa cu\u00e1nta energ\u00eda utiliza y tome decisiones m\u00e1s eficientes. Control de Clima Inteligente: Ajusta la temperatura y el confort de tu hogar desde tu tel\u00e9fono m\u00f3vil.<\/span><\/h4>\n<h4 id=\"tw-target-text\" class=\"tw-data-text tw-text-large tw-ta\" dir=\"ltr\" data-placeholder=\"Traducci\u00f3n\" data-ved=\"2ahUKEwjnkKumjZeEAxXWRTABHarEA14Q3ewLegQIBRAU\"><span class=\"Y2IQFc\" lang=\"en\"><span style=\"color: #ee1d23;\"><strong>Control clim\u00e1tico inteligente:<\/strong><\/span>\u00a0Ajusta la temperatura y el confort de tu hogar desde tu tel\u00e9fono m\u00f3vil.<\/span><\/h4>\n<\/div>\n<\/div>\n<\/div>\n<\/div>\n\n\t\t<\/div>\n\t<\/div>\n<\/div><\/div><\/div><div class=\"wpb_column vc_column_container vc_col-sm-6\"><div class=\"vc_column-inner\"><div class=\"wpb_wrapper\">\n\t<div  class=\"wpb_single_image wpb_content_element vc_align_right\">\n\t\t\n\t\t<figure class=\"wpb_wrapper vc_figure\">\n\t\t\t<div class=\"vc_single_image-wrapper   vc_box_border_grey\"><img loading=\"lazy\" decoding=\"async\" width=\"1500\" height=\"1000\" src=\"https:\/\/jpcomps.com\/wp-content\/uploads\/2024\/05\/2149216655.jpg\" class=\"vc_single_image-img attachment-full\" alt=\"\" title=\"2149216655\" srcset=\"https:\/\/jpcomps.com\/wp-content\/uploads\/2024\/05\/2149216655.jpg 1500w, https:\/\/jpcomps.com\/wp-content\/uploads\/2024\/05\/2149216655-300x200.jpg 300w, https:\/\/jpcomps.com\/wp-content\/uploads\/2024\/05\/2149216655-1024x683.jpg 1024w, https:\/\/jpcomps.com\/wp-content\/uploads\/2024\/05\/2149216655-768x512.jpg 768w, https:\/\/jpcomps.com\/wp-content\/uploads\/2024\/05\/2149216655-360x240.jpg 360w\" sizes=\"auto, (max-width: 1500px) 100vw, 1500px\" \/><\/div>\n\t\t<\/figure>\n\t<\/div>\n<\/div><\/div><\/div><\/div><div class=\"vc_empty_space\"   style=\"height: 50px\"><span class=\"vc_empty_space_inner\"><\/span><\/div><div class=\"vc_empty_space\"   style=\"height: 50px\"><span class=\"vc_empty_space_inner\"><\/span><\/div><\/div><\/div><\/div><\/div><div class=\"vc_row-full-width vc_clearfix\"><\/div><div data-vc-full-width=\"true\" data-vc-full-width-init=\"false\" data-vc-stretch-content=\"true\" class=\"vc_row wpb_row vc_row-fluid vc_custom_1715185005819 vc_row-has-fill vc_row-no-padding\"><div class=\"wpb_column vc_column_container vc_col-sm-8\"><div class=\"vc_column-inner\"><div class=\"wpb_wrapper\">\n\t<div class=\"wpb_text_column wpb_content_element  sombra\" >\n\t\t<div class=\"wpb_wrapper\">\n\t\t\t<div class=\"&quot;wpb_text_column\">\n<div class=\"wpb_wrapper\">\n<h2 style=\"text-align: center;\"><span style=\"color: #ffffff;\">Si tiene alguna pregunta, \u00a1cont\u00e1ctenos!<\/span><\/h2>\n<\/div>\n<\/div>\n\n\t\t<\/div>\n\t<\/div>\n<\/div><\/div><\/div><div class=\"wpb_column vc_column_container vc_col-sm-4\"><div class=\"vc_column-inner\"><div class=\"wpb_wrapper\"><div class=\"vc_empty_space\"   style=\"height: 32px\"><span class=\"vc_empty_space_inner\"><\/span><\/div><div class=\"sober-button-wrapper text-center\"><a href=\"https:\/\/jpcomps.com\/contact-us\/\" title=\"Contacto\" class=\"sober-button button-type-normal button-color-dark align-center   button normal button-normal\">Cont\u00e1ctanos<\/a><\/div><div class=\"vc_empty_space\"   style=\"height: 32px\"><span class=\"vc_empty_space_inner\"><\/span><\/div><\/div><\/div><\/div><\/div><div class=\"vc_row-full-width vc_clearfix\"><\/div><div class=\"vc_row wpb_row vc_row-fluid\"><div class=\"wpb_column vc_column_container vc_col-sm-12\"><div class=\"vc_column-inner\"><div class=\"wpb_wrapper\"><div class=\"vc_empty_space\"   style=\"height: 50px\"><span class=\"vc_empty_space_inner\"><\/span><\/div><h2 style=\"font-size: 40px;text-align: center\" class=\"vc_custom_heading text-center\">Compa\u00f1ias que confian en nuestros servicios<\/h2><div class=\"wpb_images_carousel wpb_content_element vc_clearfix\"><div class=\"wpb_wrapper\"><div id=\"vc_images-carousel-1-1777305880\" data-ride=\"vc_carousel\" data-wrap=\"true\" style=\"width: 100%;\" data-interval=\"3000\" data-auto-height=\"yes\" data-mode=\"horizontal\" data-partial=\"false\" data-per-view=\"4\" data-hide-on-end=\"false\" class=\"vc_slide vc_images_carousel\"><div class=\"vc_carousel-inner\"><div class=\"vc_carousel-slideline\"><div class=\"vc_carousel-slideline-inner\"><div class=\"vc_item\"><div class=\"vc_inner\"><a href=\"https:\/\/calledragones.com\/\" target=\"_blank\" rel=\"noopener\"><img loading=\"lazy\" decoding=\"async\" width=\"200\" height=\"200\" src=\"https:\/\/jpcomps.com\/wp-content\/uploads\/2024\/05\/logo_9.png\" class=\"attachment-full\" alt=\"\" title=\"logo_9\" srcset=\"https:\/\/jpcomps.com\/wp-content\/uploads\/2024\/05\/logo_9.png 200w, https:\/\/jpcomps.com\/wp-content\/uploads\/2024\/05\/logo_9-150x150.png 150w, https:\/\/jpcomps.com\/wp-content\/uploads\/2024\/05\/logo_9-100x100.png 100w\" sizes=\"auto, (max-width: 200px) 100vw, 200px\" \/><\/a><\/div><\/div><div class=\"vc_item\"><div class=\"vc_inner\"><a href=\"https:\/\/gloptical.com\/\" target=\"_blank\" rel=\"noopener\"><img loading=\"lazy\" decoding=\"async\" width=\"200\" height=\"200\" src=\"https:\/\/jpcomps.com\/wp-content\/uploads\/2024\/05\/logo_8.png\" class=\"attachment-full\" alt=\"\" title=\"logo_8\" srcset=\"https:\/\/jpcomps.com\/wp-content\/uploads\/2024\/05\/logo_8.png 200w, https:\/\/jpcomps.com\/wp-content\/uploads\/2024\/05\/logo_8-150x150.png 150w, https:\/\/jpcomps.com\/wp-content\/uploads\/2024\/05\/logo_8-100x100.png 100w\" sizes=\"auto, (max-width: 200px) 100vw, 200px\" \/><\/a><\/div><\/div><div class=\"vc_item\"><div class=\"vc_inner\"><a href=\"https:\/\/google.com\/\" target=\"_blank\" rel=\"noopener\"><img loading=\"lazy\" decoding=\"async\" width=\"200\" height=\"200\" src=\"https:\/\/jpcomps.com\/wp-content\/uploads\/2024\/05\/logo_7.png\" class=\"attachment-full\" alt=\"\" title=\"logo_7\" srcset=\"https:\/\/jpcomps.com\/wp-content\/uploads\/2024\/05\/logo_7.png 200w, https:\/\/jpcomps.com\/wp-content\/uploads\/2024\/05\/logo_7-150x150.png 150w, https:\/\/jpcomps.com\/wp-content\/uploads\/2024\/05\/logo_7-100x100.png 100w\" sizes=\"auto, (max-width: 200px) 100vw, 200px\" \/><\/a><\/div><\/div><div class=\"vc_item\"><div class=\"vc_inner\"><a href=\"https:\/\/ultravi.com\/\" target=\"_blank\" rel=\"noopener\"><img loading=\"lazy\" decoding=\"async\" width=\"200\" height=\"200\" src=\"https:\/\/jpcomps.com\/wp-content\/uploads\/2024\/05\/logo_5.png\" class=\"attachment-full\" alt=\"\" title=\"logo_5\" srcset=\"https:\/\/jpcomps.com\/wp-content\/uploads\/2024\/05\/logo_5.png 200w, https:\/\/jpcomps.com\/wp-content\/uploads\/2024\/05\/logo_5-150x150.png 150w, https:\/\/jpcomps.com\/wp-content\/uploads\/2024\/05\/logo_5-100x100.png 100w\" sizes=\"auto, (max-width: 200px) 100vw, 200px\" \/><\/a><\/div><\/div><div class=\"vc_item\"><div class=\"vc_inner\"><a href=\"https:\/\/531insurance.com\/\" target=\"_blank\" rel=\"noopener\"><img loading=\"lazy\" decoding=\"async\" width=\"200\" height=\"200\" src=\"https:\/\/jpcomps.com\/wp-content\/uploads\/2024\/05\/logo_4.png\" class=\"attachment-full\" alt=\"\" title=\"logo_4\" srcset=\"https:\/\/jpcomps.com\/wp-content\/uploads\/2024\/05\/logo_4.png 200w, https:\/\/jpcomps.com\/wp-content\/uploads\/2024\/05\/logo_4-150x150.png 150w, https:\/\/jpcomps.com\/wp-content\/uploads\/2024\/05\/logo_4-100x100.png 100w\" sizes=\"auto, (max-width: 200px) 100vw, 200px\" \/><\/a><\/div><\/div><div class=\"vc_item\"><div class=\"vc_inner\"><a href=\"https:\/\/chefpouscorp.com\/\" target=\"_blank\" rel=\"noopener\"><img loading=\"lazy\" decoding=\"async\" width=\"200\" height=\"200\" src=\"https:\/\/jpcomps.com\/wp-content\/uploads\/2024\/05\/logo_3.png\" class=\"attachment-full\" alt=\"\" title=\"logo_3\" srcset=\"https:\/\/jpcomps.com\/wp-content\/uploads\/2024\/05\/logo_3.png 200w, https:\/\/jpcomps.com\/wp-content\/uploads\/2024\/05\/logo_3-150x150.png 150w, https:\/\/jpcomps.com\/wp-content\/uploads\/2024\/05\/logo_3-100x100.png 100w\" sizes=\"auto, (max-width: 200px) 100vw, 200px\" \/><\/a><\/div><\/div><div class=\"vc_item\"><div class=\"vc_inner\"><a href=\"https:\/\/www.facebook.com\/800paintbodyshop\/\" target=\"_blank\" rel=\"noopener\"><img loading=\"lazy\" decoding=\"async\" width=\"200\" height=\"200\" src=\"https:\/\/jpcomps.com\/wp-content\/uploads\/2024\/05\/logo_2.png\" class=\"attachment-full\" alt=\"\" title=\"logo_2\" srcset=\"https:\/\/jpcomps.com\/wp-content\/uploads\/2024\/05\/logo_2.png 200w, https:\/\/jpcomps.com\/wp-content\/uploads\/2024\/05\/logo_2-150x150.png 150w, https:\/\/jpcomps.com\/wp-content\/uploads\/2024\/05\/logo_2-100x100.png 100w\" sizes=\"auto, (max-width: 200px) 100vw, 200px\" \/><\/a><\/div><\/div><div class=\"vc_item\"><div class=\"vc_inner\"><a href=\"https:\/\/www.nsmedicalcenter.com\/\" target=\"_blank\" rel=\"noopener\"><img loading=\"lazy\" decoding=\"async\" width=\"200\" height=\"200\" src=\"https:\/\/jpcomps.com\/wp-content\/uploads\/2024\/05\/1.jpg\" class=\"attachment-full\" alt=\"\" title=\"1\" srcset=\"https:\/\/jpcomps.com\/wp-content\/uploads\/2024\/05\/1.jpg 200w, https:\/\/jpcomps.com\/wp-content\/uploads\/2024\/05\/1-150x150.jpg 150w, https:\/\/jpcomps.com\/wp-content\/uploads\/2024\/05\/1-100x100.jpg 100w\" sizes=\"auto, (max-width: 200px) 100vw, 200px\" \/><\/a><\/div><\/div><div class=\"vc_item\"><div class=\"vc_inner\"><a href=\"https:\/\/a1techsmart.com\/\" target=\"_blank\" rel=\"noopener\"><img loading=\"lazy\" decoding=\"async\" width=\"200\" height=\"200\" src=\"https:\/\/jpcomps.com\/wp-content\/uploads\/2024\/05\/2.jpg\" class=\"attachment-full\" alt=\"\" title=\"2\" srcset=\"https:\/\/jpcomps.com\/wp-content\/uploads\/2024\/05\/2.jpg 200w, https:\/\/jpcomps.com\/wp-content\/uploads\/2024\/05\/2-150x150.jpg 150w, https:\/\/jpcomps.com\/wp-content\/uploads\/2024\/05\/2-100x100.jpg 100w\" sizes=\"auto, (max-width: 200px) 100vw, 200px\" \/><\/a><\/div><\/div><div class=\"vc_item\"><div class=\"vc_inner\"><a href=\"https:\/\/healthandliferesearch.com\/\" target=\"_blank\" rel=\"noopener\"><img loading=\"lazy\" decoding=\"async\" width=\"200\" height=\"200\" src=\"https:\/\/jpcomps.com\/wp-content\/uploads\/2024\/05\/logo_1.png\" class=\"attachment-full\" alt=\"\" title=\"logo_1\" srcset=\"https:\/\/jpcomps.com\/wp-content\/uploads\/2024\/05\/logo_1.png 200w, https:\/\/jpcomps.com\/wp-content\/uploads\/2024\/05\/logo_1-150x150.png 150w, https:\/\/jpcomps.com\/wp-content\/uploads\/2024\/05\/logo_1-100x100.png 100w\" sizes=\"auto, (max-width: 200px) 100vw, 200px\" \/><\/a><\/div><\/div><div class=\"vc_item\"><div class=\"vc_inner\"><a href=\"https:\/\/just2air.com\/\" target=\"_blank\" rel=\"noopener\"><img loading=\"lazy\" decoding=\"async\" width=\"200\" height=\"200\" src=\"https:\/\/jpcomps.com\/wp-content\/uploads\/2024\/05\/3.jpg\" class=\"attachment-full\" alt=\"\" title=\"3\" srcset=\"https:\/\/jpcomps.com\/wp-content\/uploads\/2024\/05\/3.jpg 200w, https:\/\/jpcomps.com\/wp-content\/uploads\/2024\/05\/3-150x150.jpg 150w, https:\/\/jpcomps.com\/wp-content\/uploads\/2024\/05\/3-100x100.jpg 100w\" sizes=\"auto, (max-width: 200px) 100vw, 200px\" \/><\/a><\/div><\/div><div class=\"vc_item\"><div class=\"vc_inner\"><a href=\"https:\/\/aboairgroup.us\/\" target=\"_blank\" rel=\"noopener\"><img loading=\"lazy\" decoding=\"async\" width=\"1000\" height=\"667\" src=\"https:\/\/jpcomps.com\/wp-content\/uploads\/2024\/05\/2148323476.jpg\" class=\"attachment-full\" alt=\"\" title=\"2148323476\" srcset=\"https:\/\/jpcomps.com\/wp-content\/uploads\/2024\/05\/2148323476.jpg 1000w, https:\/\/jpcomps.com\/wp-content\/uploads\/2024\/05\/2148323476-300x200.jpg 300w, https:\/\/jpcomps.com\/wp-content\/uploads\/2024\/05\/2148323476-768x512.jpg 768w, https:\/\/jpcomps.com\/wp-content\/uploads\/2024\/05\/2148323476-360x240.jpg 360w\" sizes=\"auto, (max-width: 1000px) 100vw, 1000px\" \/><\/a><\/div><\/div><\/div><\/div><\/div><a class=\"vc_left vc_carousel-control\" href=\"#vc_images-carousel-1-1777305880\" data-slide=\"prev\"><span class=\"icon-prev\"><\/span><\/a><a class=\"vc_right vc_carousel-control\" href=\"#vc_images-carousel-1-1777305880\" data-slide=\"next\"><span class=\"icon-next\"><\/span><\/a><\/div><\/div><\/div><div class=\"vc_empty_space\"   style=\"height: 50px\"><span class=\"vc_empty_space_inner\"><\/span><\/div><\/div><\/div><\/div><\/div>","protected":false},"excerpt":{"rendered":"We offer smart solutions to improve efficiency and energy savings in your home. With Smart&hellip;","protected":false},"author":1,"featured_media":0,"parent":0,"menu_order":0,"comment_status":"closed","ping_status":"closed","template":"","meta":{"footnotes":""},"class_list":["post-2709","page","type-page","status-publish","hentry"],"_links":{"self":[{"href":"https:\/\/jpcomps.com\/es\/wp-json\/wp\/v2\/pages\/2709","targetHints":{"allow":["GET"]}}],"collection":[{"href":"https:\/\/jpcomps.com\/es\/wp-json\/wp\/v2\/pages"}],"about":[{"href":"https:\/\/jpcomps.com\/es\/wp-json\/wp\/v2\/types\/page"}],"author":[{"embeddable":true,"href":"https:\/\/jpcomps.com\/es\/wp-json\/wp\/v2\/users\/1"}],"replies":[{"embeddable":true,"href":"https:\/\/jpcomps.com\/es\/wp-json\/wp\/v2\/comments?post=2709"}],"version-history":[{"count":4,"href":"https:\/\/jpcomps.com\/es\/wp-json\/wp\/v2\/pages\/2709\/revisions"}],"predecessor-version":[{"id":3086,"href":"https:\/\/jpcomps.com\/es\/wp-json\/wp\/v2\/pages\/2709\/revisions\/3086"}],"wp:attachment":[{"href":"https:\/\/jpcomps.com\/es\/wp-json\/wp\/v2\/media?parent=2709"}],"curies":[{"name":"wp","href":"https:\/\/api.w.org\/{rel}","templated":true}]}}