{"id":2714,"date":"2024-05-13T15:37:12","date_gmt":"2024-05-13T15:37:12","guid":{"rendered":"https:\/\/jpcomps.com\/?page_id=2714"},"modified":"2025-10-29T00:44:40","modified_gmt":"2025-10-29T00:44:40","slug":"sound-system","status":"publish","type":"page","link":"https:\/\/jpcomps.com\/es\/sound-system\/","title":{"rendered":"SISTEMAS DE SONIDO"},"content":{"rendered":"<div data-vc-full-width=\"true\" data-vc-full-width-init=\"false\" data-vc-stretch-content=\"true\" class=\"vc_row wpb_row vc_row-fluid vc_custom_1715535014395 vc_row-has-fill vc_row-no-padding\"><div class=\"wpb_column vc_column_container vc_col-sm-12\"><div class=\"vc_column-inner\"><div class=\"wpb_wrapper\"><div class=\"vc_empty_space  vc_custom_1715534994214\"   style=\"height: 10px\"><span class=\"vc_empty_space_inner\"><\/span><\/div><\/div><\/div><\/div><\/div><div class=\"vc_row-full-width vc_clearfix\"><\/div><div data-vc-full-width=\"true\" data-vc-full-width-init=\"false\" data-vc-stretch-content=\"true\" class=\"vc_row wpb_row vc_row-fluid vc_custom_1715183833094 vc_row-has-fill vc_row-no-padding\"><div class=\"wpb_column vc_column_container vc_col-sm-12\"><div class=\"vc_column-inner\"><div class=\"wpb_wrapper\"><div class=\"vc_row wpb_row vc_inner vc_row-fluid\"><div class=\"wpb_column vc_column_container vc_col-sm-2\"><div class=\"vc_column-inner\"><div class=\"wpb_wrapper\"><\/div><\/div><\/div><div class=\"wpb_column vc_column_container vc_col-sm-8\"><div class=\"vc_column-inner vc_custom_1715369695768\"><div class=\"wpb_wrapper\"><div class=\"vc_empty_space\"   style=\"height: 50px\"><span class=\"vc_empty_space_inner\"><\/span><\/div><\/div><\/div><\/div><div class=\"wpb_column vc_column_container vc_col-sm-2\"><div class=\"vc_column-inner\"><div class=\"wpb_wrapper\"><\/div><\/div><\/div><\/div><div class=\"vc_row wpb_row vc_inner vc_row-fluid vc_custom_1715531987087\"><div class=\"wpb_column vc_column_container vc_col-sm-6\"><div class=\"vc_column-inner\"><div class=\"wpb_wrapper\">\n\t<div class=\"wpb_text_column wpb_content_element\" >\n\t\t<div class=\"wpb_wrapper\">\n\t\t\t<div class=\"wpb_text_column wpb_content_element sombrablanca\">\n<div class=\"wpb_wrapper\">\n<h4 id=\"tw-target-text\" class=\"tw-data-text tw-text-large tw-ta\" dir=\"ltr\" data-placeholder=\"Traducci\u00f3n\" data-ved=\"2ahUKEwjTkeGY8pmEAxVSTDABHdgzA-MQ3ewLegQIBRAU\"><span class=\"Y2IQFc\" lang=\"en\"><span style=\"color: #ee1d23;\"><strong>Asesoramiento especializado:<\/strong><\/span>\u00a0Contamos con personal altamente capacitado que lo guiar\u00e1 en la adquisici\u00f3n del equipo de sonido m\u00e1s adecuado a las necesidades de su negocio.<\/span><\/h4>\n<h4 class=\"tw-data-text tw-text-large tw-ta\" dir=\"ltr\" data-placeholder=\"Traducci\u00f3n\" data-ved=\"2ahUKEwjTkeGY8pmEAxVSTDABHdgzA-MQ3ewLegQIBRAU\"><span class=\"Y2IQFc\" lang=\"en\"><span style=\"color: #ee1d23;\"><strong>Variedad de opciones:<\/strong><\/span>\u00a0Desde parlantes para m\u00fasica ambiental hasta sistemas de audio multizona, tenemos una amplia variedad de productos disponibles.<\/span><\/h4>\n<h4 class=\"tw-data-text tw-text-large tw-ta\" dir=\"ltr\" data-placeholder=\"Traducci\u00f3n\" data-ved=\"2ahUKEwjTkeGY8pmEAxVSTDABHdgzA-MQ3ewLegQIBRAU\"><span class=\"Y2IQFc\" lang=\"en\"><span style=\"color: #ee1d23;\"><strong>Servicios de tecnolog\u00eda:<\/strong><\/span>\u00a0No s\u00f3lo vendemos hardware, sino que tambi\u00e9n ofrecemos servicios tecnol\u00f3gicos como instalaci\u00f3n, montaje, arrendamiento y consultor\u00eda.<\/span><\/h4>\n<h4 class=\"tw-data-text tw-text-large tw-ta\" dir=\"ltr\" data-placeholder=\"Traducci\u00f3n\" data-ved=\"2ahUKEwjTkeGY8pmEAxVSTDABHdgzA-MQ3ewLegQIBRAU\"><span class=\"Y2IQFc\" lang=\"en\"><span style=\"color: #ee1d23;\"><strong>Garant\u00eda extendida:<\/strong><\/span>\u00a0Adem\u00e1s de las ventas, brindamos servicios de garant\u00eda extendida y soporte fuera de garant\u00eda.<\/span><\/h4>\n<h4 class=\"tw-data-text tw-text-large tw-ta\" dir=\"ltr\" data-placeholder=\"Traducci\u00f3n\" data-ved=\"2ahUKEwjTkeGY8pmEAxVSTDABHdgzA-MQ3ewLegQIBRAU\"><span class=\"Y2IQFc\" lang=\"en\"><span style=\"color: #ee1d23;\"><strong>Procesos eficientes:<\/strong><\/span> Hemos dise\u00f1ado procesos \u00e1giles para ofrecerte soluciones en tiempo r\u00e9cord. Aliado Estrat\u00e9gico: Al elegir JPComps tendr\u00e1s un aliado tecnol\u00f3gico de clase mundial para tus proyectos empresariales.<\/span><\/h4>\n<\/div>\n<\/div>\n\n\t\t<\/div>\n\t<\/div>\n<\/div><\/div><\/div><div class=\"wpb_column vc_column_container vc_col-sm-6\"><div class=\"vc_column-inner\"><div class=\"wpb_wrapper\">\n\t<div  class=\"wpb_single_image wpb_content_element vc_align_center\">\n\t\t\n\t\t<figure class=\"wpb_wrapper vc_figure\">\n\t\t\t<div class=\"vc_single_image-wrapper   vc_box_border_grey\"><img loading=\"lazy\" decoding=\"async\" width=\"1000\" height=\"571\" src=\"https:\/\/jpcomps.com\/wp-content\/uploads\/2024\/05\/35851.jpg\" class=\"vc_single_image-img attachment-full\" alt=\"\" title=\"35851\" srcset=\"https:\/\/jpcomps.com\/wp-content\/uploads\/2024\/05\/35851.jpg 1000w, https:\/\/jpcomps.com\/wp-content\/uploads\/2024\/05\/35851-300x171.jpg 300w, https:\/\/jpcomps.com\/wp-content\/uploads\/2024\/05\/35851-768x439.jpg 768w\" sizes=\"auto, (max-width: 1000px) 100vw, 1000px\" \/><\/div>\n\t\t<\/figure>\n\t<\/div>\n<\/div><\/div><\/div><\/div><div class=\"vc_empty_space\"   style=\"height: 50px\"><span class=\"vc_empty_space_inner\"><\/span><\/div><div class=\"vc_empty_space\"   style=\"height: 50px\"><span class=\"vc_empty_space_inner\"><\/span><\/div><\/div><\/div><\/div><\/div><div class=\"vc_row-full-width vc_clearfix\"><\/div><div data-vc-full-width=\"true\" data-vc-full-width-init=\"false\" data-vc-stretch-content=\"true\" class=\"vc_row wpb_row vc_row-fluid vc_custom_1715185005819 vc_row-has-fill vc_row-no-padding\"><div class=\"wpb_column vc_column_container vc_col-sm-8\"><div class=\"vc_column-inner\"><div class=\"wpb_wrapper\">\n\t<div class=\"wpb_text_column wpb_content_element  sombra\" >\n\t\t<div class=\"wpb_wrapper\">\n\t\t\t<div class=\"&quot;wpb_text_column\">\n<div class=\"wpb_wrapper\">\n<h2 style=\"text-align: center;\"><span style=\"color: #ffffff;\">Si tiene alguna pregunta, \u00a1cont\u00e1ctenos!<\/span><\/h2>\n<\/div>\n<\/div>\n\n\t\t<\/div>\n\t<\/div>\n<\/div><\/div><\/div><div class=\"wpb_column vc_column_container vc_col-sm-4\"><div class=\"vc_column-inner\"><div class=\"wpb_wrapper\"><div class=\"vc_empty_space\"   style=\"height: 32px\"><span class=\"vc_empty_space_inner\"><\/span><\/div><div class=\"sober-button-wrapper text-center\"><a href=\"https:\/\/jpcomps.com\/contact-us\/\" title=\"Contacto\" class=\"sober-button button-type-normal button-color-dark align-center   button normal button-normal\">Cont\u00e1ctanos<\/a><\/div><div class=\"vc_empty_space\"   style=\"height: 32px\"><span class=\"vc_empty_space_inner\"><\/span><\/div><\/div><\/div><\/div><\/div><div class=\"vc_row-full-width vc_clearfix\"><\/div><div class=\"vc_row wpb_row vc_row-fluid\"><div class=\"wpb_column vc_column_container vc_col-sm-12\"><div class=\"vc_column-inner\"><div class=\"wpb_wrapper\"><div class=\"vc_empty_space\"   style=\"height: 50px\"><span class=\"vc_empty_space_inner\"><\/span><\/div><h2 style=\"font-size: 40px;text-align: center\" class=\"vc_custom_heading text-center\">Compa\u00f1ias que confian en nuestros servicios<\/h2><div class=\"wpb_images_carousel wpb_content_element vc_clearfix\"><div class=\"wpb_wrapper\"><div id=\"vc_images-carousel-1-1777306495\" data-ride=\"vc_carousel\" data-wrap=\"true\" style=\"width: 100%;\" data-interval=\"3000\" data-auto-height=\"yes\" data-mode=\"horizontal\" data-partial=\"false\" data-per-view=\"4\" data-hide-on-end=\"false\" class=\"vc_slide vc_images_carousel\"><div class=\"vc_carousel-inner\"><div class=\"vc_carousel-slideline\"><div class=\"vc_carousel-slideline-inner\"><div class=\"vc_item\"><div class=\"vc_inner\"><a href=\"https:\/\/calledragones.com\/\" target=\"_blank\" rel=\"noopener\"><img loading=\"lazy\" decoding=\"async\" width=\"200\" height=\"200\" src=\"https:\/\/jpcomps.com\/wp-content\/uploads\/2024\/05\/logo_9.png\" class=\"attachment-full\" alt=\"\" title=\"logo_9\" srcset=\"https:\/\/jpcomps.com\/wp-content\/uploads\/2024\/05\/logo_9.png 200w, https:\/\/jpcomps.com\/wp-content\/uploads\/2024\/05\/logo_9-150x150.png 150w, https:\/\/jpcomps.com\/wp-content\/uploads\/2024\/05\/logo_9-100x100.png 100w\" sizes=\"auto, (max-width: 200px) 100vw, 200px\" \/><\/a><\/div><\/div><div class=\"vc_item\"><div class=\"vc_inner\"><a href=\"https:\/\/gloptical.com\/\" target=\"_blank\" rel=\"noopener\"><img loading=\"lazy\" decoding=\"async\" width=\"200\" height=\"200\" src=\"https:\/\/jpcomps.com\/wp-content\/uploads\/2024\/05\/logo_8.png\" class=\"attachment-full\" alt=\"\" title=\"logo_8\" srcset=\"https:\/\/jpcomps.com\/wp-content\/uploads\/2024\/05\/logo_8.png 200w, https:\/\/jpcomps.com\/wp-content\/uploads\/2024\/05\/logo_8-150x150.png 150w, https:\/\/jpcomps.com\/wp-content\/uploads\/2024\/05\/logo_8-100x100.png 100w\" sizes=\"auto, (max-width: 200px) 100vw, 200px\" \/><\/a><\/div><\/div><div class=\"vc_item\"><div class=\"vc_inner\"><a href=\"https:\/\/google.com\/\" target=\"_blank\" rel=\"noopener\"><img loading=\"lazy\" decoding=\"async\" width=\"200\" height=\"200\" src=\"https:\/\/jpcomps.com\/wp-content\/uploads\/2024\/05\/logo_7.png\" class=\"attachment-full\" alt=\"\" title=\"logo_7\" srcset=\"https:\/\/jpcomps.com\/wp-content\/uploads\/2024\/05\/logo_7.png 200w, https:\/\/jpcomps.com\/wp-content\/uploads\/2024\/05\/logo_7-150x150.png 150w, https:\/\/jpcomps.com\/wp-content\/uploads\/2024\/05\/logo_7-100x100.png 100w\" sizes=\"auto, (max-width: 200px) 100vw, 200px\" \/><\/a><\/div><\/div><div class=\"vc_item\"><div class=\"vc_inner\"><a href=\"https:\/\/ultravi.com\/\" target=\"_blank\" rel=\"noopener\"><img loading=\"lazy\" decoding=\"async\" width=\"200\" height=\"200\" src=\"https:\/\/jpcomps.com\/wp-content\/uploads\/2024\/05\/logo_5.png\" class=\"attachment-full\" alt=\"\" title=\"logo_5\" srcset=\"https:\/\/jpcomps.com\/wp-content\/uploads\/2024\/05\/logo_5.png 200w, https:\/\/jpcomps.com\/wp-content\/uploads\/2024\/05\/logo_5-150x150.png 150w, https:\/\/jpcomps.com\/wp-content\/uploads\/2024\/05\/logo_5-100x100.png 100w\" sizes=\"auto, (max-width: 200px) 100vw, 200px\" \/><\/a><\/div><\/div><div class=\"vc_item\"><div class=\"vc_inner\"><a href=\"https:\/\/531insurance.com\/\" target=\"_blank\" rel=\"noopener\"><img loading=\"lazy\" decoding=\"async\" width=\"200\" height=\"200\" src=\"https:\/\/jpcomps.com\/wp-content\/uploads\/2024\/05\/logo_4.png\" class=\"attachment-full\" alt=\"\" title=\"logo_4\" srcset=\"https:\/\/jpcomps.com\/wp-content\/uploads\/2024\/05\/logo_4.png 200w, https:\/\/jpcomps.com\/wp-content\/uploads\/2024\/05\/logo_4-150x150.png 150w, https:\/\/jpcomps.com\/wp-content\/uploads\/2024\/05\/logo_4-100x100.png 100w\" sizes=\"auto, (max-width: 200px) 100vw, 200px\" \/><\/a><\/div><\/div><div class=\"vc_item\"><div class=\"vc_inner\"><a href=\"https:\/\/chefpouscorp.com\/\" target=\"_blank\" rel=\"noopener\"><img loading=\"lazy\" decoding=\"async\" width=\"200\" height=\"200\" src=\"https:\/\/jpcomps.com\/wp-content\/uploads\/2024\/05\/logo_3.png\" class=\"attachment-full\" alt=\"\" title=\"logo_3\" srcset=\"https:\/\/jpcomps.com\/wp-content\/uploads\/2024\/05\/logo_3.png 200w, https:\/\/jpcomps.com\/wp-content\/uploads\/2024\/05\/logo_3-150x150.png 150w, https:\/\/jpcomps.com\/wp-content\/uploads\/2024\/05\/logo_3-100x100.png 100w\" sizes=\"auto, (max-width: 200px) 100vw, 200px\" \/><\/a><\/div><\/div><div class=\"vc_item\"><div class=\"vc_inner\"><a href=\"https:\/\/www.facebook.com\/800paintbodyshop\/\" target=\"_blank\" rel=\"noopener\"><img loading=\"lazy\" decoding=\"async\" width=\"200\" height=\"200\" src=\"https:\/\/jpcomps.com\/wp-content\/uploads\/2024\/05\/logo_2.png\" class=\"attachment-full\" alt=\"\" title=\"logo_2\" srcset=\"https:\/\/jpcomps.com\/wp-content\/uploads\/2024\/05\/logo_2.png 200w, https:\/\/jpcomps.com\/wp-content\/uploads\/2024\/05\/logo_2-150x150.png 150w, https:\/\/jpcomps.com\/wp-content\/uploads\/2024\/05\/logo_2-100x100.png 100w\" sizes=\"auto, (max-width: 200px) 100vw, 200px\" \/><\/a><\/div><\/div><div class=\"vc_item\"><div class=\"vc_inner\"><a href=\"https:\/\/www.nsmedicalcenter.com\/\" target=\"_blank\" rel=\"noopener\"><img loading=\"lazy\" decoding=\"async\" width=\"200\" height=\"200\" src=\"https:\/\/jpcomps.com\/wp-content\/uploads\/2024\/05\/1.jpg\" class=\"attachment-full\" alt=\"\" title=\"1\" srcset=\"https:\/\/jpcomps.com\/wp-content\/uploads\/2024\/05\/1.jpg 200w, https:\/\/jpcomps.com\/wp-content\/uploads\/2024\/05\/1-150x150.jpg 150w, https:\/\/jpcomps.com\/wp-content\/uploads\/2024\/05\/1-100x100.jpg 100w\" sizes=\"auto, (max-width: 200px) 100vw, 200px\" \/><\/a><\/div><\/div><div class=\"vc_item\"><div class=\"vc_inner\"><a href=\"https:\/\/a1techsmart.com\/\" target=\"_blank\" rel=\"noopener\"><img loading=\"lazy\" decoding=\"async\" width=\"200\" height=\"200\" src=\"https:\/\/jpcomps.com\/wp-content\/uploads\/2024\/05\/2.jpg\" class=\"attachment-full\" alt=\"\" title=\"2\" srcset=\"https:\/\/jpcomps.com\/wp-content\/uploads\/2024\/05\/2.jpg 200w, https:\/\/jpcomps.com\/wp-content\/uploads\/2024\/05\/2-150x150.jpg 150w, https:\/\/jpcomps.com\/wp-content\/uploads\/2024\/05\/2-100x100.jpg 100w\" sizes=\"auto, (max-width: 200px) 100vw, 200px\" \/><\/a><\/div><\/div><div class=\"vc_item\"><div class=\"vc_inner\"><a href=\"https:\/\/healthandliferesearch.com\/\" target=\"_blank\" rel=\"noopener\"><img loading=\"lazy\" decoding=\"async\" width=\"200\" height=\"200\" src=\"https:\/\/jpcomps.com\/wp-content\/uploads\/2024\/05\/logo_1.png\" class=\"attachment-full\" alt=\"\" title=\"logo_1\" srcset=\"https:\/\/jpcomps.com\/wp-content\/uploads\/2024\/05\/logo_1.png 200w, https:\/\/jpcomps.com\/wp-content\/uploads\/2024\/05\/logo_1-150x150.png 150w, https:\/\/jpcomps.com\/wp-content\/uploads\/2024\/05\/logo_1-100x100.png 100w\" sizes=\"auto, (max-width: 200px) 100vw, 200px\" \/><\/a><\/div><\/div><div class=\"vc_item\"><div class=\"vc_inner\"><a href=\"https:\/\/just2air.com\/\" target=\"_blank\" rel=\"noopener\"><img loading=\"lazy\" decoding=\"async\" width=\"200\" height=\"200\" src=\"https:\/\/jpcomps.com\/wp-content\/uploads\/2024\/05\/3.jpg\" class=\"attachment-full\" alt=\"\" title=\"3\" srcset=\"https:\/\/jpcomps.com\/wp-content\/uploads\/2024\/05\/3.jpg 200w, https:\/\/jpcomps.com\/wp-content\/uploads\/2024\/05\/3-150x150.jpg 150w, https:\/\/jpcomps.com\/wp-content\/uploads\/2024\/05\/3-100x100.jpg 100w\" sizes=\"auto, (max-width: 200px) 100vw, 200px\" \/><\/a><\/div><\/div><div class=\"vc_item\"><div class=\"vc_inner\"><a href=\"https:\/\/aboairgroup.us\/\" target=\"_blank\" rel=\"noopener\"><img loading=\"lazy\" decoding=\"async\" width=\"200\" height=\"200\" src=\"https:\/\/jpcomps.com\/wp-content\/uploads\/2024\/05\/Diseno-sin-titulo-11.jpg\" class=\"attachment-full\" alt=\"\" title=\"Dise\u00f1o sin t\u00edtulo (11)\" srcset=\"https:\/\/jpcomps.com\/wp-content\/uploads\/2024\/05\/Diseno-sin-titulo-11.jpg 200w, https:\/\/jpcomps.com\/wp-content\/uploads\/2024\/05\/Diseno-sin-titulo-11-150x150.jpg 150w, https:\/\/jpcomps.com\/wp-content\/uploads\/2024\/05\/Diseno-sin-titulo-11-12x12.jpg 12w, https:\/\/jpcomps.com\/wp-content\/uploads\/2024\/05\/Diseno-sin-titulo-11-100x100.jpg 100w\" sizes=\"auto, (max-width: 200px) 100vw, 200px\" \/><\/a><\/div><\/div><\/div><\/div><\/div><a class=\"vc_left vc_carousel-control\" href=\"#vc_images-carousel-1-1777306495\" data-slide=\"prev\"><span class=\"icon-prev\"><\/span><\/a><a class=\"vc_right vc_carousel-control\" href=\"#vc_images-carousel-1-1777306495\" data-slide=\"next\"><span class=\"icon-next\"><\/span><\/a><\/div><\/div><\/div><div class=\"vc_empty_space\"   style=\"height: 50px\"><span class=\"vc_empty_space_inner\"><\/span><\/div><\/div><\/div><\/div><\/div>","protected":false},"excerpt":{"rendered":"Specialized Advice:\u00a0We have highly trained personnel who will guide you in acquiring the most appropriate&hellip;","protected":false},"author":1,"featured_media":0,"parent":0,"menu_order":0,"comment_status":"closed","ping_status":"closed","template":"","meta":{"footnotes":""},"class_list":["post-2714","page","type-page","status-publish","hentry"],"_links":{"self":[{"href":"https:\/\/jpcomps.com\/es\/wp-json\/wp\/v2\/pages\/2714","targetHints":{"allow":["GET"]}}],"collection":[{"href":"https:\/\/jpcomps.com\/es\/wp-json\/wp\/v2\/pages"}],"about":[{"href":"https:\/\/jpcomps.com\/es\/wp-json\/wp\/v2\/types\/page"}],"author":[{"embeddable":true,"href":"https:\/\/jpcomps.com\/es\/wp-json\/wp\/v2\/users\/1"}],"replies":[{"embeddable":true,"href":"https:\/\/jpcomps.com\/es\/wp-json\/wp\/v2\/comments?post=2714"}],"version-history":[{"count":6,"href":"https:\/\/jpcomps.com\/es\/wp-json\/wp\/v2\/pages\/2714\/revisions"}],"predecessor-version":[{"id":3095,"href":"https:\/\/jpcomps.com\/es\/wp-json\/wp\/v2\/pages\/2714\/revisions\/3095"}],"wp:attachment":[{"href":"https:\/\/jpcomps.com\/es\/wp-json\/wp\/v2\/media?parent=2714"}],"curies":[{"name":"wp","href":"https:\/\/api.w.org\/{rel}","templated":true}]}}