{"id":2896,"date":"2024-05-21T13:32:59","date_gmt":"2024-05-21T13:32:59","guid":{"rendered":"https:\/\/jpcomps.com\/?page_id=2896"},"modified":"2025-10-28T02:34:06","modified_gmt":"2025-10-28T02:34:06","slug":"communications","status":"publish","type":"page","link":"https:\/\/jpcomps.com\/es\/communications\/","title":{"rendered":"Comunicaciones"},"content":{"rendered":"<div data-vc-full-width=\"true\" data-vc-full-width-init=\"false\" data-vc-stretch-content=\"true\" class=\"vc_row wpb_row vc_row-fluid vc_custom_1715535014395 vc_row-has-fill vc_row-no-padding\"><div class=\"wpb_column vc_column_container vc_col-sm-12\"><div class=\"vc_column-inner\"><div class=\"wpb_wrapper\"><div class=\"vc_empty_space  vc_custom_1715534994214\"   style=\"height: 10px\"><span class=\"vc_empty_space_inner\"><\/span><\/div><\/div><\/div><\/div><\/div><div class=\"vc_row-full-width vc_clearfix\"><\/div><div data-vc-full-width=\"true\" data-vc-full-width-init=\"false\" data-vc-stretch-content=\"true\" class=\"vc_row wpb_row vc_row-fluid vc_custom_1715183833094 vc_row-has-fill vc_row-no-padding\"><div class=\"wpb_column vc_column_container vc_col-sm-12\"><div class=\"vc_column-inner\"><div class=\"wpb_wrapper\"><div class=\"vc_row wpb_row vc_inner vc_row-fluid\"><div class=\"wpb_column vc_column_container vc_col-sm-2\"><div class=\"vc_column-inner\"><div class=\"wpb_wrapper\"><\/div><\/div><\/div><div class=\"wpb_column vc_column_container vc_col-sm-8\"><div class=\"vc_column-inner vc_custom_1715369695768\"><div class=\"wpb_wrapper\"><div class=\"vc_empty_space\"   style=\"height: 50px\"><span class=\"vc_empty_space_inner\"><\/span><\/div><\/div><\/div><\/div><div class=\"wpb_column vc_column_container vc_col-sm-2\"><div class=\"vc_column-inner\"><div class=\"wpb_wrapper\"><\/div><\/div><\/div><\/div><div class=\"vc_row wpb_row vc_inner vc_row-fluid vc_custom_1715531987087\"><div class=\"wpb_column vc_column_container vc_col-sm-6\"><div class=\"vc_column-inner\"><div class=\"wpb_wrapper\">\n\t<div class=\"wpb_text_column wpb_content_element\" >\n\t\t<div class=\"wpb_wrapper\">\n\t\t\t<div class=\"wpb_text_column wpb_content_element sombrablanca\">\n<div class=\"wpb_wrapper\">\n<h4><span style=\"color: #000000;\">\u2022Soluciones VOIP<\/span><br \/>\n<span style=\"color: #000000;\">\u2022Implementaci\u00f3n de Acceso Remoto<\/span><br \/>\n<span style=\"color: #000000;\">\u2022Soluciones de chat<\/span><br \/>\n<span style=\"color: #000000;\">\u2022Soluciones de telefon\u00eda celular<\/span><\/h4>\n<ol>\n<li>\n<h4><span style=\"color: #000000;\"><strong>Ahorro de costes<\/strong>: Las llamadas VoIP a trav\u00e9s de Internet no generan cargos adicionales m\u00e1s all\u00e1 de su conexi\u00f3n a Internet. Este uso eficiente del ancho de banda disponible puede ahorrarle dinero tanto en llamadas locales como de larga distancia.<\/span><\/h4>\n<\/li>\n<li>\n<h4 class=\" translation-block\"><span style=\"color: #000000\"><strong>Caracter\u00edsticas avanzadas<\/strong>: VoIP proporciona funciones como videollamadas, uso compartido de archivos, correo de voz y mensajes de texto directamente desde la aplicaci\u00f3n.<\/h4>\n<\/li>\n<li>\n<h4><span style=\"color: #000000;\"><strong>Red unificada<\/strong>: VoIP permite que una \u00fanica red convergente maneje voz, datos, video y otros tipos de comunicaci\u00f3n.<\/span><\/h4>\n<\/li>\n<li>\n<h4><span style=\"color: #000000;\"><strong>Uso eficiente de recursos<\/strong>: A diferencia de los sistemas telef\u00f3nicos tradicionales, VoIP no requiere un circuito dedicado durante una llamada. Los recursos se pueden utilizar de manera m\u00e1s eficiente, especialmente durante los momentos de silencio.<\/span><\/h4>\n<\/li>\n<li>\n<h4><span style=\"color: #000000;\"><strong>Standard Components<\/strong>: VoIP aprovecha los componentes de la red de datos est\u00e1ndar (enrutadores, conmutadores) en lugar de conmutadores telef\u00f3nicos costosos o complejos, lo que reduce los costos y mejora la escalabilidad.<\/span><\/h4>\n<\/li>\n<\/ol>\n<h4><span style=\"color: #000000;\">En resumen, VoIP ofrece ahorros de costos, funciones avanzadas y utilizaci\u00f3n eficiente de recursos.\u00a0\u00a1Es una soluci\u00f3n fant\u00e1stica tanto para empresas como para particulares!<\/span><\/h4>\n<\/div>\n<\/div>\n\n\t\t<\/div>\n\t<\/div>\n<\/div><\/div><\/div><div class=\"wpb_column vc_column_container vc_col-sm-6\"><div class=\"vc_column-inner\"><div class=\"wpb_wrapper\">\n\t<div  class=\"wpb_single_image wpb_content_element vc_align_center\">\n\t\t\n\t\t<figure class=\"wpb_wrapper vc_figure\">\n\t\t\t<div class=\"vc_single_image-wrapper   vc_box_border_grey\"><img loading=\"lazy\" decoding=\"async\" width=\"1000\" height=\"667\" src=\"https:\/\/jpcomps.com\/wp-content\/uploads\/2024\/05\/11707.jpg\" class=\"vc_single_image-img attachment-full\" alt=\"\" title=\"11707\" srcset=\"https:\/\/jpcomps.com\/wp-content\/uploads\/2024\/05\/11707.jpg 1000w, https:\/\/jpcomps.com\/wp-content\/uploads\/2024\/05\/11707-300x200.jpg 300w, https:\/\/jpcomps.com\/wp-content\/uploads\/2024\/05\/11707-768x512.jpg 768w, https:\/\/jpcomps.com\/wp-content\/uploads\/2024\/05\/11707-360x240.jpg 360w\" sizes=\"auto, (max-width: 1000px) 100vw, 1000px\" \/><\/div>\n\t\t<\/figure>\n\t<\/div>\n<\/div><\/div><\/div><\/div><div class=\"vc_empty_space\"   style=\"height: 50px\"><span class=\"vc_empty_space_inner\"><\/span><\/div><div class=\"vc_empty_space\"   style=\"height: 50px\"><span class=\"vc_empty_space_inner\"><\/span><\/div><\/div><\/div><\/div><\/div><div class=\"vc_row-full-width vc_clearfix\"><\/div><div data-vc-full-width=\"true\" data-vc-full-width-init=\"false\" data-vc-stretch-content=\"true\" class=\"vc_row wpb_row vc_row-fluid vc_custom_1715185005819 vc_row-has-fill vc_row-no-padding\"><div class=\"wpb_column vc_column_container vc_col-sm-8\"><div class=\"vc_column-inner\"><div class=\"wpb_wrapper\">\n\t<div class=\"wpb_text_column wpb_content_element  sombra\" >\n\t\t<div class=\"wpb_wrapper\">\n\t\t\t<div class=\"&quot;wpb_text_column\">\n<div class=\"wpb_wrapper\">\n<h2 style=\"text-align: center;\"><span style=\"color: #ffffff;\">Si tiene alguna pregunta, \u00a1cont\u00e1ctenos!<\/span><\/h2>\n<\/div>\n<\/div>\n\n\t\t<\/div>\n\t<\/div>\n<\/div><\/div><\/div><div class=\"wpb_column vc_column_container vc_col-sm-4\"><div class=\"vc_column-inner\"><div class=\"wpb_wrapper\"><div class=\"vc_empty_space\"   style=\"height: 32px\"><span class=\"vc_empty_space_inner\"><\/span><\/div><div class=\"sober-button-wrapper text-center\"><a href=\"https:\/\/jpcomps.com\/contact-us\/\" title=\"Contacto\" class=\"sober-button button-type-normal button-color-dark align-center   button normal button-normal\">Cont\u00e1ctanos<\/a><\/div><div class=\"vc_empty_space\"   style=\"height: 32px\"><span class=\"vc_empty_space_inner\"><\/span><\/div><\/div><\/div><\/div><\/div><div class=\"vc_row-full-width vc_clearfix\"><\/div><div class=\"vc_row wpb_row vc_row-fluid\"><div class=\"wpb_column vc_column_container vc_col-sm-12\"><div class=\"vc_column-inner\"><div class=\"wpb_wrapper\"><div class=\"vc_empty_space\"   style=\"height: 50px\"><span class=\"vc_empty_space_inner\"><\/span><\/div><h2 style=\"font-size: 40px;text-align: center\" class=\"vc_custom_heading text-center\">Compa\u00f1ias que confian en nuestros servicios<\/h2><div class=\"wpb_images_carousel wpb_content_element vc_clearfix\"><div class=\"wpb_wrapper\"><div id=\"vc_images-carousel-1-1777305921\" data-ride=\"vc_carousel\" data-wrap=\"true\" style=\"width: 100%;\" data-interval=\"3000\" data-auto-height=\"yes\" data-mode=\"horizontal\" data-partial=\"false\" data-per-view=\"4\" data-hide-on-end=\"false\" class=\"vc_slide vc_images_carousel\"><div class=\"vc_carousel-inner\"><div class=\"vc_carousel-slideline\"><div class=\"vc_carousel-slideline-inner\"><div class=\"vc_item\"><div class=\"vc_inner\"><a href=\"https:\/\/calledragones.com\/\" target=\"_blank\" rel=\"noopener\"><img loading=\"lazy\" decoding=\"async\" width=\"200\" height=\"200\" src=\"https:\/\/jpcomps.com\/wp-content\/uploads\/2024\/05\/logo_9.png\" class=\"attachment-full\" alt=\"\" title=\"logo_9\" srcset=\"https:\/\/jpcomps.com\/wp-content\/uploads\/2024\/05\/logo_9.png 200w, https:\/\/jpcomps.com\/wp-content\/uploads\/2024\/05\/logo_9-150x150.png 150w, https:\/\/jpcomps.com\/wp-content\/uploads\/2024\/05\/logo_9-100x100.png 100w\" sizes=\"auto, (max-width: 200px) 100vw, 200px\" \/><\/a><\/div><\/div><div class=\"vc_item\"><div class=\"vc_inner\"><a href=\"https:\/\/gloptical.com\/\" target=\"_blank\" rel=\"noopener\"><img loading=\"lazy\" decoding=\"async\" width=\"200\" height=\"200\" src=\"https:\/\/jpcomps.com\/wp-content\/uploads\/2024\/05\/logo_8.png\" class=\"attachment-full\" alt=\"\" title=\"logo_8\" srcset=\"https:\/\/jpcomps.com\/wp-content\/uploads\/2024\/05\/logo_8.png 200w, https:\/\/jpcomps.com\/wp-content\/uploads\/2024\/05\/logo_8-150x150.png 150w, https:\/\/jpcomps.com\/wp-content\/uploads\/2024\/05\/logo_8-100x100.png 100w\" sizes=\"auto, (max-width: 200px) 100vw, 200px\" \/><\/a><\/div><\/div><div class=\"vc_item\"><div class=\"vc_inner\"><a href=\"https:\/\/google.com\/\" target=\"_blank\" rel=\"noopener\"><img loading=\"lazy\" decoding=\"async\" width=\"200\" height=\"200\" src=\"https:\/\/jpcomps.com\/wp-content\/uploads\/2024\/05\/logo_7.png\" class=\"attachment-full\" alt=\"\" title=\"logo_7\" srcset=\"https:\/\/jpcomps.com\/wp-content\/uploads\/2024\/05\/logo_7.png 200w, https:\/\/jpcomps.com\/wp-content\/uploads\/2024\/05\/logo_7-150x150.png 150w, https:\/\/jpcomps.com\/wp-content\/uploads\/2024\/05\/logo_7-100x100.png 100w\" sizes=\"auto, (max-width: 200px) 100vw, 200px\" \/><\/a><\/div><\/div><div class=\"vc_item\"><div class=\"vc_inner\"><a href=\"https:\/\/ultravi.com\/\" target=\"_blank\" rel=\"noopener\"><img loading=\"lazy\" decoding=\"async\" width=\"200\" height=\"200\" src=\"https:\/\/jpcomps.com\/wp-content\/uploads\/2024\/05\/logo_5.png\" class=\"attachment-full\" alt=\"\" title=\"logo_5\" srcset=\"https:\/\/jpcomps.com\/wp-content\/uploads\/2024\/05\/logo_5.png 200w, https:\/\/jpcomps.com\/wp-content\/uploads\/2024\/05\/logo_5-150x150.png 150w, https:\/\/jpcomps.com\/wp-content\/uploads\/2024\/05\/logo_5-100x100.png 100w\" sizes=\"auto, (max-width: 200px) 100vw, 200px\" \/><\/a><\/div><\/div><div class=\"vc_item\"><div class=\"vc_inner\"><a href=\"https:\/\/531insurance.com\/\" target=\"_blank\" rel=\"noopener\"><img loading=\"lazy\" decoding=\"async\" width=\"200\" height=\"200\" src=\"https:\/\/jpcomps.com\/wp-content\/uploads\/2024\/05\/logo_4.png\" class=\"attachment-full\" alt=\"\" title=\"logo_4\" srcset=\"https:\/\/jpcomps.com\/wp-content\/uploads\/2024\/05\/logo_4.png 200w, https:\/\/jpcomps.com\/wp-content\/uploads\/2024\/05\/logo_4-150x150.png 150w, https:\/\/jpcomps.com\/wp-content\/uploads\/2024\/05\/logo_4-100x100.png 100w\" sizes=\"auto, (max-width: 200px) 100vw, 200px\" \/><\/a><\/div><\/div><div class=\"vc_item\"><div class=\"vc_inner\"><a href=\"https:\/\/chefpouscorp.com\/\" target=\"_blank\" rel=\"noopener\"><img loading=\"lazy\" decoding=\"async\" width=\"200\" height=\"200\" src=\"https:\/\/jpcomps.com\/wp-content\/uploads\/2024\/05\/logo_3.png\" class=\"attachment-full\" alt=\"\" title=\"logo_3\" srcset=\"https:\/\/jpcomps.com\/wp-content\/uploads\/2024\/05\/logo_3.png 200w, https:\/\/jpcomps.com\/wp-content\/uploads\/2024\/05\/logo_3-150x150.png 150w, https:\/\/jpcomps.com\/wp-content\/uploads\/2024\/05\/logo_3-100x100.png 100w\" sizes=\"auto, (max-width: 200px) 100vw, 200px\" \/><\/a><\/div><\/div><div class=\"vc_item\"><div class=\"vc_inner\"><a href=\"https:\/\/www.facebook.com\/800paintbodyshop\/\" target=\"_blank\" rel=\"noopener\"><img loading=\"lazy\" decoding=\"async\" width=\"200\" height=\"200\" src=\"https:\/\/jpcomps.com\/wp-content\/uploads\/2024\/05\/logo_2.png\" class=\"attachment-full\" alt=\"\" title=\"logo_2\" srcset=\"https:\/\/jpcomps.com\/wp-content\/uploads\/2024\/05\/logo_2.png 200w, https:\/\/jpcomps.com\/wp-content\/uploads\/2024\/05\/logo_2-150x150.png 150w, https:\/\/jpcomps.com\/wp-content\/uploads\/2024\/05\/logo_2-100x100.png 100w\" sizes=\"auto, (max-width: 200px) 100vw, 200px\" \/><\/a><\/div><\/div><div class=\"vc_item\"><div class=\"vc_inner\"><a href=\"https:\/\/www.nsmedicalcenter.com\/\" target=\"_blank\" rel=\"noopener\"><img loading=\"lazy\" decoding=\"async\" width=\"200\" height=\"200\" src=\"https:\/\/jpcomps.com\/wp-content\/uploads\/2024\/05\/1.jpg\" class=\"attachment-full\" alt=\"\" title=\"1\" srcset=\"https:\/\/jpcomps.com\/wp-content\/uploads\/2024\/05\/1.jpg 200w, https:\/\/jpcomps.com\/wp-content\/uploads\/2024\/05\/1-150x150.jpg 150w, https:\/\/jpcomps.com\/wp-content\/uploads\/2024\/05\/1-100x100.jpg 100w\" sizes=\"auto, (max-width: 200px) 100vw, 200px\" \/><\/a><\/div><\/div><div class=\"vc_item\"><div class=\"vc_inner\"><a href=\"https:\/\/a1techsmart.com\/\" target=\"_blank\" rel=\"noopener\"><img loading=\"lazy\" decoding=\"async\" width=\"200\" height=\"200\" src=\"https:\/\/jpcomps.com\/wp-content\/uploads\/2024\/05\/2.jpg\" class=\"attachment-full\" alt=\"\" title=\"2\" srcset=\"https:\/\/jpcomps.com\/wp-content\/uploads\/2024\/05\/2.jpg 200w, https:\/\/jpcomps.com\/wp-content\/uploads\/2024\/05\/2-150x150.jpg 150w, https:\/\/jpcomps.com\/wp-content\/uploads\/2024\/05\/2-100x100.jpg 100w\" sizes=\"auto, (max-width: 200px) 100vw, 200px\" \/><\/a><\/div><\/div><div class=\"vc_item\"><div class=\"vc_inner\"><a href=\"https:\/\/healthandliferesearch.com\/\" target=\"_blank\" rel=\"noopener\"><img loading=\"lazy\" decoding=\"async\" width=\"200\" height=\"200\" src=\"https:\/\/jpcomps.com\/wp-content\/uploads\/2024\/05\/logo_1.png\" class=\"attachment-full\" alt=\"\" title=\"logo_1\" srcset=\"https:\/\/jpcomps.com\/wp-content\/uploads\/2024\/05\/logo_1.png 200w, https:\/\/jpcomps.com\/wp-content\/uploads\/2024\/05\/logo_1-150x150.png 150w, https:\/\/jpcomps.com\/wp-content\/uploads\/2024\/05\/logo_1-100x100.png 100w\" sizes=\"auto, (max-width: 200px) 100vw, 200px\" \/><\/a><\/div><\/div><div class=\"vc_item\"><div class=\"vc_inner\"><a href=\"https:\/\/just2air.com\/\" target=\"_blank\" rel=\"noopener\"><img loading=\"lazy\" decoding=\"async\" width=\"200\" height=\"200\" src=\"https:\/\/jpcomps.com\/wp-content\/uploads\/2024\/05\/3.jpg\" class=\"attachment-full\" alt=\"\" title=\"3\" srcset=\"https:\/\/jpcomps.com\/wp-content\/uploads\/2024\/05\/3.jpg 200w, https:\/\/jpcomps.com\/wp-content\/uploads\/2024\/05\/3-150x150.jpg 150w, https:\/\/jpcomps.com\/wp-content\/uploads\/2024\/05\/3-100x100.jpg 100w\" sizes=\"auto, (max-width: 200px) 100vw, 200px\" \/><\/a><\/div><\/div><div class=\"vc_item\"><div class=\"vc_inner\"><a href=\"https:\/\/aboairgroup.us\/inicio\" target=\"_blank\" rel=\"noopener\"><img loading=\"lazy\" decoding=\"async\" width=\"200\" height=\"200\" src=\"https:\/\/jpcomps.com\/wp-content\/uploads\/2024\/05\/Diseno-sin-titulo-11.jpg\" class=\"attachment-full\" alt=\"\" title=\"Dise\u00f1o sin t\u00edtulo (11)\" srcset=\"https:\/\/jpcomps.com\/wp-content\/uploads\/2024\/05\/Diseno-sin-titulo-11.jpg 200w, https:\/\/jpcomps.com\/wp-content\/uploads\/2024\/05\/Diseno-sin-titulo-11-150x150.jpg 150w, https:\/\/jpcomps.com\/wp-content\/uploads\/2024\/05\/Diseno-sin-titulo-11-12x12.jpg 12w, https:\/\/jpcomps.com\/wp-content\/uploads\/2024\/05\/Diseno-sin-titulo-11-100x100.jpg 100w\" sizes=\"auto, (max-width: 200px) 100vw, 200px\" \/><\/a><\/div><\/div><\/div><\/div><\/div><a class=\"vc_left vc_carousel-control\" href=\"#vc_images-carousel-1-1777305921\" data-slide=\"prev\"><span class=\"icon-prev\"><\/span><\/a><a class=\"vc_right vc_carousel-control\" href=\"#vc_images-carousel-1-1777305921\" data-slide=\"next\"><span class=\"icon-next\"><\/span><\/a><\/div><\/div><\/div><div class=\"vc_empty_space\"   style=\"height: 50px\"><span class=\"vc_empty_space_inner\"><\/span><\/div><\/div><\/div><\/div><\/div>","protected":false},"excerpt":{"rendered":"\u2022VOIP Solutions \u2022Remote Access Implementation \u2022Chat Solutions \u2022Cell Phone Solutions Cost Savings: VoIP calls over&hellip;","protected":false},"author":1,"featured_media":0,"parent":0,"menu_order":0,"comment_status":"closed","ping_status":"closed","template":"","meta":{"footnotes":""},"class_list":["post-2896","page","type-page","status-publish","hentry"],"_links":{"self":[{"href":"https:\/\/jpcomps.com\/es\/wp-json\/wp\/v2\/pages\/2896","targetHints":{"allow":["GET"]}}],"collection":[{"href":"https:\/\/jpcomps.com\/es\/wp-json\/wp\/v2\/pages"}],"about":[{"href":"https:\/\/jpcomps.com\/es\/wp-json\/wp\/v2\/types\/page"}],"author":[{"embeddable":true,"href":"https:\/\/jpcomps.com\/es\/wp-json\/wp\/v2\/users\/1"}],"replies":[{"embeddable":true,"href":"https:\/\/jpcomps.com\/es\/wp-json\/wp\/v2\/comments?post=2896"}],"version-history":[{"count":9,"href":"https:\/\/jpcomps.com\/es\/wp-json\/wp\/v2\/pages\/2896\/revisions"}],"predecessor-version":[{"id":3087,"href":"https:\/\/jpcomps.com\/es\/wp-json\/wp\/v2\/pages\/2896\/revisions\/3087"}],"wp:attachment":[{"href":"https:\/\/jpcomps.com\/es\/wp-json\/wp\/v2\/media?parent=2896"}],"curies":[{"name":"wp","href":"https:\/\/api.w.org\/{rel}","templated":true}]}}