{"id":2934,"date":"2024-05-21T15:22:45","date_gmt":"2024-05-21T15:22:45","guid":{"rendered":"https:\/\/jpcomps.com\/?page_id=2934"},"modified":"2025-10-28T02:43:35","modified_gmt":"2025-10-28T02:43:35","slug":"hardware-solutions","status":"publish","type":"page","link":"https:\/\/jpcomps.com\/es\/hardware-solutions\/","title":{"rendered":"Soluciones Hardware"},"content":{"rendered":"<div data-vc-full-width=\"true\" data-vc-full-width-init=\"false\" data-vc-stretch-content=\"true\" class=\"vc_row wpb_row vc_row-fluid vc_custom_1715535014395 vc_row-has-fill vc_row-no-padding\"><div class=\"wpb_column vc_column_container vc_col-sm-12\"><div class=\"vc_column-inner\"><div class=\"wpb_wrapper\"><div class=\"vc_empty_space  vc_custom_1715534994214\"   style=\"height: 10px\"><span class=\"vc_empty_space_inner\"><\/span><\/div><\/div><\/div><\/div><\/div><div class=\"vc_row-full-width vc_clearfix\"><\/div><div data-vc-full-width=\"true\" data-vc-full-width-init=\"false\" data-vc-stretch-content=\"true\" class=\"vc_row wpb_row vc_row-fluid vc_custom_1715183833094 vc_row-has-fill vc_row-no-padding\"><div class=\"wpb_column vc_column_container vc_col-sm-12\"><div class=\"vc_column-inner\"><div class=\"wpb_wrapper\"><div class=\"vc_row wpb_row vc_inner vc_row-fluid\"><div class=\"wpb_column vc_column_container vc_col-sm-2\"><div class=\"vc_column-inner\"><div class=\"wpb_wrapper\"><\/div><\/div><\/div><div class=\"wpb_column vc_column_container vc_col-sm-8\"><div class=\"vc_column-inner vc_custom_1715369695768\"><div class=\"wpb_wrapper\"><div class=\"vc_empty_space\"   style=\"height: 50px\"><span class=\"vc_empty_space_inner\"><\/span><\/div><\/div><\/div><\/div><div class=\"wpb_column vc_column_container vc_col-sm-2\"><div class=\"vc_column-inner\"><div class=\"wpb_wrapper\"><\/div><\/div><\/div><\/div><div class=\"vc_row wpb_row vc_inner vc_row-fluid vc_custom_1715531987087\"><div class=\"wpb_column vc_column_container vc_col-sm-6\"><div class=\"vc_column-inner\"><div class=\"wpb_wrapper\">\n\t<div class=\"wpb_text_column wpb_content_element\" >\n\t\t<div class=\"wpb_wrapper\">\n\t\t\t<div class=\"wpb_text_column wpb_content_element sombrablanca\">\n<div class=\"wpb_wrapper\">\n<ol>\n<li>\n<h4><span style=\"color: #000000;\"><strong>Reparaci\u00f3n de pantalla de port\u00e1til<\/strong>: Este servicio consiste en reparar o reemplazar pantallas de port\u00e1tiles da\u00f1adas. Ya sea que se trate de una pantalla rota, parpadeo u otros problemas, los expertos pueden restaurar la funcionalidad visual de su computadora port\u00e1til.<\/span><\/h4>\n<\/li>\n<li>\n<h4><span style=\"color: #000000;\"><strong>Recuperaci\u00f3n de datos<\/strong>: Cuando los datos se pierden debido a una eliminaci\u00f3n accidental, falla de hardware u otras razones, los especialistas en recuperaci\u00f3n de datos recuperan y restauran archivos desde dispositivos de almacenamiento. Utilizan herramientas y t\u00e9cnicas especializadas para recuperar datos valiosos.<\/span><\/h4>\n<\/li>\n<li>\n<h4><span style=\"color: #000000;\"><strong>Mantenimiento y reparaci\u00f3n de impresoras<\/strong>: Los expertos garantizan que sus impresoras funcionen de manera \u00f3ptima mediante la realizaci\u00f3n de tareas de mantenimiento peri\u00f3dicas. Si su impresora encuentra problemas como atascos de papel, problemas de conectividad o problemas de calidad de impresi\u00f3n, ellos los diagnostican y reparan.<\/span><\/h4>\n<\/li>\n<\/ol>\n<h4><span style=\"color: #000000;\">\u00a1No dudes en comunicarte con nosotros si necesitas m\u00e1s detalles!<\/span><\/h4>\n<\/div>\n<\/div>\n\n\t\t<\/div>\n\t<\/div>\n<\/div><\/div><\/div><div class=\"wpb_column vc_column_container vc_col-sm-6\"><div class=\"vc_column-inner\"><div class=\"wpb_wrapper\">\n\t<div  class=\"wpb_single_image wpb_content_element vc_align_center\">\n\t\t\n\t\t<figure class=\"wpb_wrapper vc_figure\">\n\t\t\t<div class=\"vc_single_image-wrapper   vc_box_border_grey\"><img loading=\"lazy\" decoding=\"async\" width=\"1000\" height=\"667\" src=\"https:\/\/jpcomps.com\/wp-content\/uploads\/2024\/05\/2147922226.jpg\" class=\"vc_single_image-img attachment-full\" alt=\"\" title=\"2147922226\" srcset=\"https:\/\/jpcomps.com\/wp-content\/uploads\/2024\/05\/2147922226.jpg 1000w, https:\/\/jpcomps.com\/wp-content\/uploads\/2024\/05\/2147922226-300x200.jpg 300w, https:\/\/jpcomps.com\/wp-content\/uploads\/2024\/05\/2147922226-768x512.jpg 768w, https:\/\/jpcomps.com\/wp-content\/uploads\/2024\/05\/2147922226-360x240.jpg 360w\" sizes=\"auto, (max-width: 1000px) 100vw, 1000px\" \/><\/div>\n\t\t<\/figure>\n\t<\/div>\n<\/div><\/div><\/div><\/div><div class=\"vc_empty_space\"   style=\"height: 50px\"><span class=\"vc_empty_space_inner\"><\/span><\/div><div class=\"vc_empty_space\"   style=\"height: 50px\"><span class=\"vc_empty_space_inner\"><\/span><\/div><\/div><\/div><\/div><\/div><div class=\"vc_row-full-width vc_clearfix\"><\/div><div data-vc-full-width=\"true\" data-vc-full-width-init=\"false\" data-vc-stretch-content=\"true\" class=\"vc_row wpb_row vc_row-fluid vc_custom_1715185005819 vc_row-has-fill vc_row-no-padding\"><div class=\"wpb_column vc_column_container vc_col-sm-8\"><div class=\"vc_column-inner\"><div class=\"wpb_wrapper\">\n\t<div class=\"wpb_text_column wpb_content_element  sombra\" >\n\t\t<div class=\"wpb_wrapper\">\n\t\t\t<div class=\"&quot;wpb_text_column\">\n<div class=\"wpb_wrapper\">\n<h2 style=\"text-align: center;\"><span style=\"color: #ffffff;\">Si tiene alguna pregunta, \u00a1cont\u00e1ctenos!<\/span><\/h2>\n<\/div>\n<\/div>\n\n\t\t<\/div>\n\t<\/div>\n<\/div><\/div><\/div><div class=\"wpb_column vc_column_container vc_col-sm-4\"><div class=\"vc_column-inner\"><div class=\"wpb_wrapper\"><div class=\"vc_empty_space\"   style=\"height: 32px\"><span class=\"vc_empty_space_inner\"><\/span><\/div><div class=\"sober-button-wrapper text-center\"><a href=\"https:\/\/jpcomps.com\/contact-us\/\" title=\"Contacto\" class=\"sober-button button-type-normal button-color-dark align-center   button normal button-normal\">Cont\u00e1ctanos<\/a><\/div><div class=\"vc_empty_space\"   style=\"height: 32px\"><span class=\"vc_empty_space_inner\"><\/span><\/div><\/div><\/div><\/div><\/div><div class=\"vc_row-full-width vc_clearfix\"><\/div><div class=\"vc_row wpb_row vc_row-fluid\"><div class=\"wpb_column vc_column_container vc_col-sm-12\"><div class=\"vc_column-inner\"><div class=\"wpb_wrapper\"><div class=\"vc_empty_space\"   style=\"height: 50px\"><span class=\"vc_empty_space_inner\"><\/span><\/div><h2 style=\"font-size: 40px;text-align: center\" class=\"vc_custom_heading text-center\">Compa\u00f1ias que confian en nuestros servicios<\/h2><div class=\"wpb_images_carousel wpb_content_element vc_clearfix\"><div class=\"wpb_wrapper\"><div id=\"vc_images-carousel-1-1777305775\" data-ride=\"vc_carousel\" data-wrap=\"true\" style=\"width: 100%;\" data-interval=\"3000\" data-auto-height=\"yes\" data-mode=\"horizontal\" data-partial=\"false\" data-per-view=\"4\" data-hide-on-end=\"false\" class=\"vc_slide vc_images_carousel\"><div class=\"vc_carousel-inner\"><div class=\"vc_carousel-slideline\"><div class=\"vc_carousel-slideline-inner\"><div class=\"vc_item\"><div class=\"vc_inner\"><a href=\"https:\/\/calledragones.com\/\" target=\"_blank\" rel=\"noopener\"><img loading=\"lazy\" decoding=\"async\" width=\"200\" height=\"200\" src=\"https:\/\/jpcomps.com\/wp-content\/uploads\/2024\/05\/logo_9.png\" class=\"attachment-full\" alt=\"\" title=\"logo_9\" srcset=\"https:\/\/jpcomps.com\/wp-content\/uploads\/2024\/05\/logo_9.png 200w, https:\/\/jpcomps.com\/wp-content\/uploads\/2024\/05\/logo_9-150x150.png 150w, https:\/\/jpcomps.com\/wp-content\/uploads\/2024\/05\/logo_9-100x100.png 100w\" sizes=\"auto, (max-width: 200px) 100vw, 200px\" \/><\/a><\/div><\/div><div class=\"vc_item\"><div class=\"vc_inner\"><a href=\"https:\/\/gloptical.com\/\" target=\"_blank\" rel=\"noopener\"><img loading=\"lazy\" decoding=\"async\" width=\"200\" height=\"200\" src=\"https:\/\/jpcomps.com\/wp-content\/uploads\/2024\/05\/logo_8.png\" class=\"attachment-full\" alt=\"\" title=\"logo_8\" srcset=\"https:\/\/jpcomps.com\/wp-content\/uploads\/2024\/05\/logo_8.png 200w, https:\/\/jpcomps.com\/wp-content\/uploads\/2024\/05\/logo_8-150x150.png 150w, https:\/\/jpcomps.com\/wp-content\/uploads\/2024\/05\/logo_8-100x100.png 100w\" sizes=\"auto, (max-width: 200px) 100vw, 200px\" \/><\/a><\/div><\/div><div class=\"vc_item\"><div class=\"vc_inner\"><a href=\"https:\/\/google.com\/\" target=\"_blank\" rel=\"noopener\"><img loading=\"lazy\" decoding=\"async\" width=\"200\" height=\"200\" src=\"https:\/\/jpcomps.com\/wp-content\/uploads\/2024\/05\/logo_7.png\" class=\"attachment-full\" alt=\"\" title=\"logo_7\" srcset=\"https:\/\/jpcomps.com\/wp-content\/uploads\/2024\/05\/logo_7.png 200w, https:\/\/jpcomps.com\/wp-content\/uploads\/2024\/05\/logo_7-150x150.png 150w, https:\/\/jpcomps.com\/wp-content\/uploads\/2024\/05\/logo_7-100x100.png 100w\" sizes=\"auto, (max-width: 200px) 100vw, 200px\" \/><\/a><\/div><\/div><div class=\"vc_item\"><div class=\"vc_inner\"><a href=\"https:\/\/ultravi.com\/\" target=\"_blank\" rel=\"noopener\"><img loading=\"lazy\" decoding=\"async\" width=\"200\" height=\"200\" src=\"https:\/\/jpcomps.com\/wp-content\/uploads\/2024\/05\/logo_5.png\" class=\"attachment-full\" alt=\"\" title=\"logo_5\" srcset=\"https:\/\/jpcomps.com\/wp-content\/uploads\/2024\/05\/logo_5.png 200w, https:\/\/jpcomps.com\/wp-content\/uploads\/2024\/05\/logo_5-150x150.png 150w, https:\/\/jpcomps.com\/wp-content\/uploads\/2024\/05\/logo_5-100x100.png 100w\" sizes=\"auto, (max-width: 200px) 100vw, 200px\" \/><\/a><\/div><\/div><div class=\"vc_item\"><div class=\"vc_inner\"><a href=\"https:\/\/531insurance.com\/\" target=\"_blank\" rel=\"noopener\"><img loading=\"lazy\" decoding=\"async\" width=\"200\" height=\"200\" src=\"https:\/\/jpcomps.com\/wp-content\/uploads\/2024\/05\/logo_4.png\" class=\"attachment-full\" alt=\"\" title=\"logo_4\" srcset=\"https:\/\/jpcomps.com\/wp-content\/uploads\/2024\/05\/logo_4.png 200w, https:\/\/jpcomps.com\/wp-content\/uploads\/2024\/05\/logo_4-150x150.png 150w, https:\/\/jpcomps.com\/wp-content\/uploads\/2024\/05\/logo_4-100x100.png 100w\" sizes=\"auto, (max-width: 200px) 100vw, 200px\" \/><\/a><\/div><\/div><div class=\"vc_item\"><div class=\"vc_inner\"><a href=\"https:\/\/chefpouscorp.com\/\" target=\"_blank\" rel=\"noopener\"><img loading=\"lazy\" decoding=\"async\" width=\"200\" height=\"200\" src=\"https:\/\/jpcomps.com\/wp-content\/uploads\/2024\/05\/logo_3.png\" class=\"attachment-full\" alt=\"\" title=\"logo_3\" srcset=\"https:\/\/jpcomps.com\/wp-content\/uploads\/2024\/05\/logo_3.png 200w, https:\/\/jpcomps.com\/wp-content\/uploads\/2024\/05\/logo_3-150x150.png 150w, https:\/\/jpcomps.com\/wp-content\/uploads\/2024\/05\/logo_3-100x100.png 100w\" sizes=\"auto, (max-width: 200px) 100vw, 200px\" \/><\/a><\/div><\/div><div class=\"vc_item\"><div class=\"vc_inner\"><a href=\"https:\/\/www.facebook.com\/800paintbodyshop\/\" target=\"_blank\" rel=\"noopener\"><img loading=\"lazy\" decoding=\"async\" width=\"200\" height=\"200\" src=\"https:\/\/jpcomps.com\/wp-content\/uploads\/2024\/05\/logo_2.png\" class=\"attachment-full\" alt=\"\" title=\"logo_2\" srcset=\"https:\/\/jpcomps.com\/wp-content\/uploads\/2024\/05\/logo_2.png 200w, https:\/\/jpcomps.com\/wp-content\/uploads\/2024\/05\/logo_2-150x150.png 150w, https:\/\/jpcomps.com\/wp-content\/uploads\/2024\/05\/logo_2-100x100.png 100w\" sizes=\"auto, (max-width: 200px) 100vw, 200px\" \/><\/a><\/div><\/div><div class=\"vc_item\"><div class=\"vc_inner\"><a href=\"https:\/\/www.nsmedicalcenter.com\/\" target=\"_blank\" rel=\"noopener\"><img loading=\"lazy\" decoding=\"async\" width=\"200\" height=\"200\" src=\"https:\/\/jpcomps.com\/wp-content\/uploads\/2024\/05\/1.jpg\" class=\"attachment-full\" alt=\"\" title=\"1\" srcset=\"https:\/\/jpcomps.com\/wp-content\/uploads\/2024\/05\/1.jpg 200w, https:\/\/jpcomps.com\/wp-content\/uploads\/2024\/05\/1-150x150.jpg 150w, https:\/\/jpcomps.com\/wp-content\/uploads\/2024\/05\/1-100x100.jpg 100w\" sizes=\"auto, (max-width: 200px) 100vw, 200px\" \/><\/a><\/div><\/div><div class=\"vc_item\"><div class=\"vc_inner\"><a href=\"https:\/\/a1techsmart.com\/\" target=\"_blank\" rel=\"noopener\"><img loading=\"lazy\" decoding=\"async\" width=\"200\" height=\"200\" src=\"https:\/\/jpcomps.com\/wp-content\/uploads\/2024\/05\/2.jpg\" class=\"attachment-full\" alt=\"\" title=\"2\" srcset=\"https:\/\/jpcomps.com\/wp-content\/uploads\/2024\/05\/2.jpg 200w, https:\/\/jpcomps.com\/wp-content\/uploads\/2024\/05\/2-150x150.jpg 150w, https:\/\/jpcomps.com\/wp-content\/uploads\/2024\/05\/2-100x100.jpg 100w\" sizes=\"auto, (max-width: 200px) 100vw, 200px\" \/><\/a><\/div><\/div><div class=\"vc_item\"><div class=\"vc_inner\"><a href=\"https:\/\/healthandliferesearch.com\/\" target=\"_blank\" rel=\"noopener\"><img loading=\"lazy\" decoding=\"async\" width=\"200\" height=\"200\" src=\"https:\/\/jpcomps.com\/wp-content\/uploads\/2024\/05\/logo_1.png\" class=\"attachment-full\" alt=\"\" title=\"logo_1\" srcset=\"https:\/\/jpcomps.com\/wp-content\/uploads\/2024\/05\/logo_1.png 200w, https:\/\/jpcomps.com\/wp-content\/uploads\/2024\/05\/logo_1-150x150.png 150w, https:\/\/jpcomps.com\/wp-content\/uploads\/2024\/05\/logo_1-100x100.png 100w\" sizes=\"auto, (max-width: 200px) 100vw, 200px\" \/><\/a><\/div><\/div><div class=\"vc_item\"><div class=\"vc_inner\"><a href=\"https:\/\/just2air.com\/\" target=\"_blank\" rel=\"noopener\"><img loading=\"lazy\" decoding=\"async\" width=\"200\" height=\"200\" src=\"https:\/\/jpcomps.com\/wp-content\/uploads\/2024\/05\/3.jpg\" class=\"attachment-full\" alt=\"\" title=\"3\" srcset=\"https:\/\/jpcomps.com\/wp-content\/uploads\/2024\/05\/3.jpg 200w, https:\/\/jpcomps.com\/wp-content\/uploads\/2024\/05\/3-150x150.jpg 150w, https:\/\/jpcomps.com\/wp-content\/uploads\/2024\/05\/3-100x100.jpg 100w\" sizes=\"auto, (max-width: 200px) 100vw, 200px\" \/><\/a><\/div><\/div><div class=\"vc_item\"><div class=\"vc_inner\"><a href=\"https:\/\/aboairgroup.us\/\" target=\"_blank\" rel=\"noopener\"><img loading=\"lazy\" decoding=\"async\" width=\"200\" height=\"200\" src=\"https:\/\/jpcomps.com\/wp-content\/uploads\/2024\/05\/Diseno-sin-titulo-11.jpg\" class=\"attachment-full\" alt=\"\" title=\"Dise\u00f1o sin t\u00edtulo (11)\" srcset=\"https:\/\/jpcomps.com\/wp-content\/uploads\/2024\/05\/Diseno-sin-titulo-11.jpg 200w, https:\/\/jpcomps.com\/wp-content\/uploads\/2024\/05\/Diseno-sin-titulo-11-150x150.jpg 150w, https:\/\/jpcomps.com\/wp-content\/uploads\/2024\/05\/Diseno-sin-titulo-11-12x12.jpg 12w, https:\/\/jpcomps.com\/wp-content\/uploads\/2024\/05\/Diseno-sin-titulo-11-100x100.jpg 100w\" sizes=\"auto, (max-width: 200px) 100vw, 200px\" \/><\/a><\/div><\/div><\/div><\/div><\/div><a class=\"vc_left vc_carousel-control\" href=\"#vc_images-carousel-1-1777305775\" data-slide=\"prev\"><span class=\"icon-prev\"><\/span><\/a><a class=\"vc_right vc_carousel-control\" href=\"#vc_images-carousel-1-1777305775\" data-slide=\"next\"><span class=\"icon-next\"><\/span><\/a><\/div><\/div><\/div><div class=\"vc_empty_space\"   style=\"height: 50px\"><span class=\"vc_empty_space_inner\"><\/span><\/div><\/div><\/div><\/div><\/div>","protected":false},"excerpt":{"rendered":"Laptop Screen Repair: This service involves fixing or replacing damaged laptop screens. Whether it\u2019s a&hellip;","protected":false},"author":1,"featured_media":0,"parent":0,"menu_order":0,"comment_status":"closed","ping_status":"closed","template":"","meta":{"footnotes":""},"class_list":["post-2934","page","type-page","status-publish","hentry"],"_links":{"self":[{"href":"https:\/\/jpcomps.com\/es\/wp-json\/wp\/v2\/pages\/2934","targetHints":{"allow":["GET"]}}],"collection":[{"href":"https:\/\/jpcomps.com\/es\/wp-json\/wp\/v2\/pages"}],"about":[{"href":"https:\/\/jpcomps.com\/es\/wp-json\/wp\/v2\/types\/page"}],"author":[{"embeddable":true,"href":"https:\/\/jpcomps.com\/es\/wp-json\/wp\/v2\/users\/1"}],"replies":[{"embeddable":true,"href":"https:\/\/jpcomps.com\/es\/wp-json\/wp\/v2\/comments?post=2934"}],"version-history":[{"count":5,"href":"https:\/\/jpcomps.com\/es\/wp-json\/wp\/v2\/pages\/2934\/revisions"}],"predecessor-version":[{"id":3089,"href":"https:\/\/jpcomps.com\/es\/wp-json\/wp\/v2\/pages\/2934\/revisions\/3089"}],"wp:attachment":[{"href":"https:\/\/jpcomps.com\/es\/wp-json\/wp\/v2\/media?parent=2934"}],"curies":[{"name":"wp","href":"https:\/\/api.w.org\/{rel}","templated":true}]}}